{"id":562,"date":"2016-07-17T11:38:59","date_gmt":"2016-07-17T09:38:59","guid":{"rendered":"http:\/\/www.museum-freistadt.at\/rosenberger\/?page_id=562"},"modified":"2021-04-14T13:54:25","modified_gmt":"2021-04-14T11:54:25","slug":"lieder-der-heimat","status":"publish","type":"page","link":"https:\/\/www.museum-freistadt.at\/rosenberger\/lieder-der-heimat\/","title":{"rendered":"Lieder der Heimat"},"content":{"rendered":"\n<p><strong>B\u00f6hmerwald-Lied<\/strong><\/p>\n\n\n\n<p>Das B\u00f6hmerwaldlied, gedichtet und komponiert von dem Glasbl\u00e4ser und Glasmaler Andreas Hartauer (1839-1915), ist eines der bekanntesten Lieder des Heimwehs und der Erinnerung an die verkl\u00e4rte Kindheit. &#8222;Die wandernden Glasmacher nahmen es \u00fcberall hin mit. In den H\u00fcttenwirtsh\u00e4usern, wo es oft hoch herging, wurde nach Hartauers Melodie auch getanzt&#8220; (Rudolf Hartauer) Da Harthauers Melodie zum Tanzen wenig geeignet war, wurde dem Lied die Melodie des steirischen Sch\u00fctzenlieds &#8222;Dort ist die Heimat mein&#8220; unterlegt; in dieser Fassung wird es auch heute noch gesungen. Bei den vertriebenen B\u00f6hmerw\u00e4ldlern ist das Lied &#8222;emotional tief verwurzelt&#8220;<\/p>\n\n\n\n<p class=\"has-text-align-left\">Tief drin im B\u00f6hmerwald, da ist mein Heimatort,<br>es ist schon lange her, dass ich von hier bin fort, doch die Erinnerung,<br>die bleibt mir stets gewiss, dass ich den B\u00f6hmerwald gar nie vergiss.<br>Es war im B\u00f6hmerwald, wo meine Wiege stand,<br>im sch\u00f6nen, gr\u00fcnen B\u00f6hmerwald. <br>Es war im B\u00f6hmerwald, wo meine Wiege stand, <br>im sch\u00f6nen, gr\u00fcnen Wald!<\/p>\n\n\n\n<p>O sel\u2019ge Kindheitszeit, nur einmal kehr\u2019 zur\u00fcck,<br>wo spielend ich genoss das allerh\u00f6chste Gl\u00fcck,<br>wo ich am Vaterhaus auf gr\u00fcner Wiese stand<br>und weithin schaut\u2019 hinaus aufs Heimatland.<br>Es war im B\u00f6hmerwald, wo meine Wiege stand,<br>im sch\u00f6nen, gr\u00fcnen B\u00f6hmerwald. <br>Es war im B\u00f6hmerwald, wo meine Wiege stand, <br>im sch\u00f6nen, gr\u00fcnen Wald!<\/p>\n\n\n\n<p> Nur einmal noch, o Herr, lass mich die Heimat sehn,<br>den sch\u00f6nen B\u00f6hmerwald, die T\u00e4ler und die H\u00f6h\u2019n,<br>dann scheid ich gern von dir und rufe freudig aus:<br>&#8222;Beh\u00fct\u2019 Gott, B\u00f6hmerwald, ich bleib zu Haus&#8220;!<br>Es war im B\u00f6hmerwald, wo meine Wiege stand,<br>im sch\u00f6nen, gr\u00fcnen B\u00f6hmerwald. <br>Es war im B\u00f6hmerwald, wo meine Wiege stand, <br>im sch\u00f6nen, gr\u00fcnen Wald!<\/p>\n\n\n\n<p><a href=\"\/\/www.youtube.com\/watch?v=hxYXBj7NFr0\" target=\"_blank\" rel=\"noreferrer noopener\">Lied anh\u00f6ren<\/a><\/p>\n\n\n\n<p><strong>Wulda Lied<\/strong><\/p>\n\n\n\n<p>Als die Moldau noch Wulda hiess. Es handelt sich um ein s\u00fcdb\u00f6hmisches Volkslied. Der Text entstammt der Feder von Anton Wallner, Komponist: Alois Milz<\/p>\n\n\n\n<p>Auf d&#8217;Wulda, auf d&#8216; Wulda,<br>scheint d&#8216; Sunna so gulda,<br>geh i hin \u00fcber d&#8216; Bruck.<br>Furt schwimman die Scheida,<br>tolaus ullweil weida,<br>und koans kimmt mehr z&#8217;ruck.<\/p>\n\n\n\n<p>Muass au\u00dfi a schwimma,<br>oba drau\u00dft bleib i nimma, Mei Hoamat is &#8217;s Best.<br>Vom B\u00f6hmerwold kriagn<br>will i &#8217;s Brautbett und d&#8216; Wiagn<br>und a Truha auf d&#8216; Letzt.<\/p>\n\n\n\n<p><a href=\"https:\/\/www.youtube.com\/watch?v=zCoEeS8Cz4A\" target=\"_blank\" rel=\"noreferrer noopener\">Lied anh\u00f6ren<\/a><\/p>\n\n\n\n<p><strong>Rosenbergerlied<\/strong><\/p>\n\n\n\n<p><img loading=\"lazy\" decoding=\"async\" class=\"size-full wp-image-2913 alignleft\" src=\"https:\/\/www.museum-freistadt.at\/rosenberger\/wp-content\/uploads\/2021\/04\/Rosenbergerlied.jpg\" alt=\"\" width=\"573\" height=\"803\" srcset=\"https:\/\/www.museum-freistadt.at\/rosenberger\/wp-content\/uploads\/2021\/04\/Rosenbergerlied.jpg 573w, https:\/\/www.museum-freistadt.at\/rosenberger\/wp-content\/uploads\/2021\/04\/Rosenbergerlied-214x300.jpg 214w\" sizes=\"auto, (max-width: 573px) 100vw, 573px\" \/><\/p>\n","protected":false},"excerpt":{"rendered":"<p>B\u00f6hmerwald-Lied Das B\u00f6hmerwaldlied, gedichtet und komponiert von dem Glasbl\u00e4ser und Glasmaler Andreas Hartauer (1839-1915), ist eines der bekanntesten Lieder des Heimwehs und der Erinnerung an die verkl\u00e4rte Kindheit. &#8222;Die wandernden Glasmacher nahmen es \u00fcberall hin mit. In den H\u00fcttenwirtsh\u00e4usern, wo es oft hoch herging, wurde nach Hartauers Melodie auch getanzt&#8220; (Rudolf Hartauer) Da Harthauers Melodie [&hellip;]<\/p>\n","protected":false},"author":1,"featured_media":0,"parent":0,"menu_order":0,"comment_status":"closed","ping_status":"closed","template":"","meta":{"ngg_post_thumbnail":0,"footnotes":""},"class_list":["post-562","page","type-page","status-publish","hentry","entry"],"_links":{"self":[{"href":"https:\/\/www.museum-freistadt.at\/rosenberger\/wp-json\/wp\/v2\/pages\/562","targetHints":{"allow":["GET"]}}],"collection":[{"href":"https:\/\/www.museum-freistadt.at\/rosenberger\/wp-json\/wp\/v2\/pages"}],"about":[{"href":"https:\/\/www.museum-freistadt.at\/rosenberger\/wp-json\/wp\/v2\/types\/page"}],"author":[{"embeddable":true,"href":"https:\/\/www.museum-freistadt.at\/rosenberger\/wp-json\/wp\/v2\/users\/1"}],"replies":[{"embeddable":true,"href":"https:\/\/www.museum-freistadt.at\/rosenberger\/wp-json\/wp\/v2\/comments?post=562"}],"version-history":[{"count":32,"href":"https:\/\/www.museum-freistadt.at\/rosenberger\/wp-json\/wp\/v2\/pages\/562\/revisions"}],"predecessor-version":[{"id":2917,"href":"https:\/\/www.museum-freistadt.at\/rosenberger\/wp-json\/wp\/v2\/pages\/562\/revisions\/2917"}],"wp:attachment":[{"href":"https:\/\/www.museum-freistadt.at\/rosenberger\/wp-json\/wp\/v2\/media?parent=562"}],"curies":[{"name":"wp","href":"https:\/\/api.w.org\/{rel}","templated":true}]}}