{"id":76,"date":"2016-04-05T20:31:17","date_gmt":"2016-04-05T18:31:17","guid":{"rendered":"http:\/\/www.museum-freistadt.at\/rosenberger\/?page_id=76"},"modified":"2020-05-18T17:26:16","modified_gmt":"2020-05-18T15:26:16","slug":"ruckendorf","status":"publish","type":"page","link":"https:\/\/www.museum-freistadt.at\/rosenberger\/pfarrdoerfer\/ruckendorf\/","title":{"rendered":"Ruckendorf"},"content":{"rendered":"\n<div class=\"wp-block-image\"><figure class=\"alignleft is-resized\"><a href=\"https:\/\/www.museum-freistadt.at\/rosenberger\/wp-content\/uploads\/2016\/04\/Ruckendorf-Ortsplan.jpg\" target=\"_blank\" rel=\"noopener noreferrer\"><img loading=\"lazy\" decoding=\"async\" src=\"https:\/\/www.museum-freistadt.at\/rosenberger\/wp-content\/uploads\/2016\/04\/Ruckendorf-Ortsplan.jpg\" alt=\"\" class=\"wp-image-1033\" width=\"350\" height=\"227\" srcset=\"https:\/\/www.museum-freistadt.at\/rosenberger\/wp-content\/uploads\/2016\/04\/Ruckendorf-Ortsplan.jpg 497w, https:\/\/www.museum-freistadt.at\/rosenberger\/wp-content\/uploads\/2016\/04\/Ruckendorf-Ortsplan-300x194.jpg 300w\" sizes=\"auto, (max-width: 350px) 100vw, 350px\" \/><\/a><\/figure><\/div>\n\n\n\n<p><strong>Die Ortschaft Ruckendorf nach Josef Panh\u00f6lzl:<\/strong><br><br>Letztwillig durch Witigo von Rosenberg an das Stift geschenkt. Die Schenkung wurde von Heinrich von Rosenberg am 24.6.1278 best\u00e4tigt. Sp\u00e4ter wurde hier der Ruckenhof angelegt. Am 2.2.1373 befanden sich hier 14 Ochsen, 2 Pferde, 6 K\u00fche, 4 Stiere, 3 K\u00e4lber und 4 St\u00fcck Jungvieh. In der ersten H\u00e4lfte des 15. Jh. lieferten die 10 Lahne zu Ostern und Pfingsten 6 sol., 20 Eier und 10 K\u00e4se. Der Ruckenhof wurde sp\u00e4ter ver\u00e4ussert, aber dann wieder in Stiftsregie \u00fcbernommen. Die anderen zinspflichtigen H\u00f6fe waren: 1. Hansl 2. Sebastian 3. Steffl, 4. Nickl 5. Peter, 6. Andre Schwarzpaur 7. Mathes Der K\u00fchof wird am 2.2.1373 erw\u00e4hnt. Sein Viehbestand war: 8 Ochsen, 17 K\u00fche, 4 K\u00e4lber,&nbsp; 1 Stier und 2 Pferde. <br>Partl am Pramhof.<br>Die Gemain zu Ruckendorf zinste f\u00fcr ein Reut 2 gr. Das Reut scheint der sp\u00e4tere Ortschaftsgrund gewesen zu sein im Ausmass von 8 oder 10 ha.<br>Jaroslav Schaller f\u00fchrte 1789 in Ruckendorf 14 H\u00e4user an, Sommer 1841 10 H\u00e4user mit 104 Einwohner.<br>Dr. Dominik Kaindl erw\u00e4hnt in seiner Geschichte des Stiftes Hohenfurth am 24.1.1633 in Kaltenbrunn und Ruckendorf eine Einquartierung des Obersten Graf Rittburg mit 624 Pferden und 800 Rekruten.<br>1653 kam der Ruckenhof wieder ans Stift.<br>1659 wurde der K\u00fchof neu eingerichtet und 1862 abermals neu gebaut.<br>Besetzt waren der Wald beim K\u00fchhof und der \u00d6lberg 1938 von tschech. Soldaten<br>1945 waren Ungarn in Ruckendorf, ein grosses Lager mit gefangenen Deutschen zwischen Ruckenhof und K\u00fchhof und ein amerikan. Wachelager gegen\u00fcber dem Bahnhof Hohenfurth Stift.<\/p>\n\n\n\n<div class=\"wp-block-columns is-layout-flex wp-container-core-columns-is-layout-9d6595d7 wp-block-columns-is-layout-flex\">\n<div class=\"wp-block-column is-layout-flow wp-block-column-is-layout-flow\">\n<div class=\"wp-block-image\"><figure class=\"aligncenter is-resized\"><a href=\"https:\/\/www.museum-freistadt.at\/rosenberger\/wp-content\/uploads\/2016\/04\/Ruckendorf-Teilansicht-mit-Ruckhof-Klosterhof-im-Hinter-grund-vor-1920-in-der-Mitte-Bauerhof-__Griebl__vulgo-__Wirt__Kopie.png\" target=\"_blank\" rel=\"noopener noreferrer\"><img loading=\"lazy\" decoding=\"async\" src=\"https:\/\/www.museum-freistadt.at\/rosenberger\/wp-content\/uploads\/2016\/04\/Ruckendorf-Teilansicht-mit-Ruckhof-Klosterhof-im-Hinter-grund-vor-1920-in-der-Mitte-Bauerhof-__Griebl__vulgo-__Wirt__Kopie.png\" alt=\"\" class=\"wp-image-1163\" width=\"300\" height=\"215\" srcset=\"https:\/\/www.museum-freistadt.at\/rosenberger\/wp-content\/uploads\/2016\/04\/Ruckendorf-Teilansicht-mit-Ruckhof-Klosterhof-im-Hinter-grund-vor-1920-in-der-Mitte-Bauerhof-__Griebl__vulgo-__Wirt__Kopie.png 861w, https:\/\/www.museum-freistadt.at\/rosenberger\/wp-content\/uploads\/2016\/04\/Ruckendorf-Teilansicht-mit-Ruckhof-Klosterhof-im-Hinter-grund-vor-1920-in-der-Mitte-Bauerhof-__Griebl__vulgo-__Wirt__Kopie-300x215.png 300w, https:\/\/www.museum-freistadt.at\/rosenberger\/wp-content\/uploads\/2016\/04\/Ruckendorf-Teilansicht-mit-Ruckhof-Klosterhof-im-Hinter-grund-vor-1920-in-der-Mitte-Bauerhof-__Griebl__vulgo-__Wirt__Kopie-768x549.png 768w\" sizes=\"auto, (max-width: 300px) 100vw, 300px\" \/><\/a><figcaption>Ruckendorf &nbsp;-Teilansicht mit Ruckhof (Klosterhof) im Hintergrund vor 1920 \u2013 in der Mitte Bauerhof Griebl<\/figcaption><\/figure><\/div>\n\n\n\n<div class=\"wp-block-image\"><figure class=\"aligncenter is-resized\"><a href=\"https:\/\/www.museum-freistadt.at\/rosenberger\/wp-content\/uploads\/2016\/04\/Ruckendorf-im-Winter-1930er-Jahre-Teilansicht-Kopie.jpg\" target=\"_blank\" rel=\"noopener noreferrer\"><img loading=\"lazy\" decoding=\"async\" src=\"https:\/\/www.museum-freistadt.at\/rosenberger\/wp-content\/uploads\/2016\/04\/Ruckendorf-im-Winter-1930er-Jahre-Teilansicht-Kopie.jpg\" alt=\"\" class=\"wp-image-1164\" width=\"300\" height=\"218\" srcset=\"https:\/\/www.museum-freistadt.at\/rosenberger\/wp-content\/uploads\/2016\/04\/Ruckendorf-im-Winter-1930er-Jahre-Teilansicht-Kopie.jpg 2792w, https:\/\/www.museum-freistadt.at\/rosenberger\/wp-content\/uploads\/2016\/04\/Ruckendorf-im-Winter-1930er-Jahre-Teilansicht-Kopie-300x218.jpg 300w, https:\/\/www.museum-freistadt.at\/rosenberger\/wp-content\/uploads\/2016\/04\/Ruckendorf-im-Winter-1930er-Jahre-Teilansicht-Kopie-768x558.jpg 768w, https:\/\/www.museum-freistadt.at\/rosenberger\/wp-content\/uploads\/2016\/04\/Ruckendorf-im-Winter-1930er-Jahre-Teilansicht-Kopie-1024x745.jpg 1024w\" sizes=\"auto, (max-width: 300px) 100vw, 300px\" \/><\/a><figcaption>Ruckendorf im Winter (1930er Jahre)<\/figcaption><\/figure><\/div>\n\n\n\n<div class=\"wp-block-image\"><figure class=\"aligncenter size-large is-resized\"><a href=\"https:\/\/www.museum-freistadt.at\/rosenberger\/wp-content\/uploads\/2020\/05\/K\u00fchhof-2013.jpg\" target=\"_blank\" rel=\"noopener noreferrer\"><img loading=\"lazy\" decoding=\"async\" src=\"https:\/\/www.museum-freistadt.at\/rosenberger\/wp-content\/uploads\/2020\/05\/K\u00fchhof-2013.jpg\" alt=\"\" class=\"wp-image-2666\" width=\"300\" height=\"177\" srcset=\"https:\/\/www.museum-freistadt.at\/rosenberger\/wp-content\/uploads\/2020\/05\/K\u00fchhof-2013.jpg 1010w, https:\/\/www.museum-freistadt.at\/rosenberger\/wp-content\/uploads\/2020\/05\/K\u00fchhof-2013-300x176.jpg 300w, https:\/\/www.museum-freistadt.at\/rosenberger\/wp-content\/uploads\/2020\/05\/K\u00fchhof-2013-768x451.jpg 768w\" sizes=\"auto, (max-width: 300px) 100vw, 300px\" \/><\/a><\/figure><\/div>\n<\/div>\n\n\n\n<div class=\"wp-block-column is-layout-flow wp-block-column-is-layout-flow\">\n<div class=\"wp-block-image\"><figure class=\"aligncenter is-resized\"><a href=\"https:\/\/www.museum-freistadt.at\/rosenberger\/wp-content\/uploads\/2016\/04\/Ruckendorf-in-den-1930er-Jahren-1.png\" target=\"_blank\" rel=\"noopener noreferrer\"><img loading=\"lazy\" decoding=\"async\" src=\"https:\/\/www.museum-freistadt.at\/rosenberger\/wp-content\/uploads\/2016\/04\/Ruckendorf-in-den-1930er-Jahren-1.png\" alt=\"\" class=\"wp-image-1166\" width=\"300\" height=\"200\" srcset=\"https:\/\/www.museum-freistadt.at\/rosenberger\/wp-content\/uploads\/2016\/04\/Ruckendorf-in-den-1930er-Jahren-1.png 936w, https:\/\/www.museum-freistadt.at\/rosenberger\/wp-content\/uploads\/2016\/04\/Ruckendorf-in-den-1930er-Jahren-1-300x199.png 300w, https:\/\/www.museum-freistadt.at\/rosenberger\/wp-content\/uploads\/2016\/04\/Ruckendorf-in-den-1930er-Jahren-1-768x510.png 768w\" sizes=\"auto, (max-width: 300px) 100vw, 300px\" \/><\/a><figcaption>Ruckendorf in den 1930er Jahren<\/figcaption><\/figure><\/div>\n\n\n\n<div class=\"wp-block-image\"><figure class=\"aligncenter size-large is-resized\"><a href=\"https:\/\/www.museum-freistadt.at\/rosenberger\/wp-content\/uploads\/2020\/05\/Ortsch._Ro._Ruckendorf_ca.-1927_K.-einzeln.jpg\" target=\"_blank\" rel=\"noopener noreferrer\"><img loading=\"lazy\" decoding=\"async\" src=\"https:\/\/www.museum-freistadt.at\/rosenberger\/wp-content\/uploads\/2020\/05\/Ortsch._Ro._Ruckendorf_ca.-1927_K.-einzeln.jpg\" alt=\"\" class=\"wp-image-2664\" width=\"300\" height=\"217\" srcset=\"https:\/\/www.museum-freistadt.at\/rosenberger\/wp-content\/uploads\/2020\/05\/Ortsch._Ro._Ruckendorf_ca.-1927_K.-einzeln.jpg 800w, https:\/\/www.museum-freistadt.at\/rosenberger\/wp-content\/uploads\/2020\/05\/Ortsch._Ro._Ruckendorf_ca.-1927_K.-einzeln-300x216.jpg 300w, https:\/\/www.museum-freistadt.at\/rosenberger\/wp-content\/uploads\/2020\/05\/Ortsch._Ro._Ruckendorf_ca.-1927_K.-einzeln-768x554.jpg 768w\" sizes=\"auto, (max-width: 300px) 100vw, 300px\" \/><\/a><\/figure><\/div>\n<\/div>\n<\/div>\n\n\n\n<div class=\"wp-block-columns is-layout-flex wp-container-core-columns-is-layout-9d6595d7 wp-block-columns-is-layout-flex\">\n<div class=\"wp-block-column is-layout-flow wp-block-column-is-layout-flow\"><\/div>\n\n\n\n<div class=\"wp-block-column is-layout-flow wp-block-column-is-layout-flow\"><\/div>\n<\/div>\n","protected":false},"excerpt":{"rendered":"<p>Die Ortschaft Ruckendorf nach Josef Panh\u00f6lzl: Letztwillig durch Witigo von Rosenberg an das Stift geschenkt. Die Schenkung wurde von Heinrich von Rosenberg am 24.6.1278 best\u00e4tigt. Sp\u00e4ter wurde hier der Ruckenhof angelegt. Am 2.2.1373 befanden sich hier 14 Ochsen, 2 Pferde, 6 K\u00fche, 4 Stiere, 3 K\u00e4lber und 4 St\u00fcck Jungvieh. In der ersten H\u00e4lfte des [&hellip;]<\/p>\n","protected":false},"author":1,"featured_media":0,"parent":50,"menu_order":0,"comment_status":"closed","ping_status":"closed","template":"","meta":{"ngg_post_thumbnail":0,"footnotes":""},"class_list":["post-76","page","type-page","status-publish","hentry","entry"],"_links":{"self":[{"href":"https:\/\/www.museum-freistadt.at\/rosenberger\/wp-json\/wp\/v2\/pages\/76","targetHints":{"allow":["GET"]}}],"collection":[{"href":"https:\/\/www.museum-freistadt.at\/rosenberger\/wp-json\/wp\/v2\/pages"}],"about":[{"href":"https:\/\/www.museum-freistadt.at\/rosenberger\/wp-json\/wp\/v2\/types\/page"}],"author":[{"embeddable":true,"href":"https:\/\/www.museum-freistadt.at\/rosenberger\/wp-json\/wp\/v2\/users\/1"}],"replies":[{"embeddable":true,"href":"https:\/\/www.museum-freistadt.at\/rosenberger\/wp-json\/wp\/v2\/comments?post=76"}],"version-history":[{"count":9,"href":"https:\/\/www.museum-freistadt.at\/rosenberger\/wp-json\/wp\/v2\/pages\/76\/revisions"}],"predecessor-version":[{"id":2768,"href":"https:\/\/www.museum-freistadt.at\/rosenberger\/wp-json\/wp\/v2\/pages\/76\/revisions\/2768"}],"up":[{"embeddable":true,"href":"https:\/\/www.museum-freistadt.at\/rosenberger\/wp-json\/wp\/v2\/pages\/50"}],"wp:attachment":[{"href":"https:\/\/www.museum-freistadt.at\/rosenberger\/wp-json\/wp\/v2\/media?parent=76"}],"curies":[{"name":"wp","href":"https:\/\/api.w.org\/{rel}","templated":true}]}}