{"id":82,"date":"2016-04-05T20:32:06","date_gmt":"2016-04-05T18:32:06","guid":{"rendered":"http:\/\/www.museum-freistadt.at\/rosenberger\/?page_id=82"},"modified":"2020-05-18T17:17:19","modified_gmt":"2020-05-18T15:17:19","slug":"linden","status":"publish","type":"page","link":"https:\/\/www.museum-freistadt.at\/rosenberger\/pfarrdoerfer\/linden\/","title":{"rendered":"Linden"},"content":{"rendered":"\n<p><strong>Dorf Linden<\/strong> von Johann Duscher, Priesern<\/p>\n\n\n\n<p>Vor dem Dorf Linden steht bzw. stand das Einschichthaus Oichtbauernhaus, das Linden Nr. 4 war. Der letzte Besitzer dieses Hauses war Josef Steinbichl, dessen Grundausma\u00df 6 ha 64 a 45 m2 betragen hat. Im Dorf Linden selbst liegt rechts vom Dorf weg das Haus mit der Nr. 2. Es war dies der Stoab\u00fcchlhof, wovon der letzte Besitzer Josef St\u00f6ger gewesen. Das Grundausma\u00df dieses Hofes betrug 26 ha 79 a 46 m2 . An dem Dorfweg, links, gelangte man zum Haus Linden Nr. 3, was der Donkohof war, wovon der letzte Besitzer Franz Irsigler gewesen ist. Das Fl\u00e4chenausma\u00df dieses Hofes betrug 27 ha 61 a 82 m2 . Weiter am Dorfweg, aber rechts, befand sich Linden Nr. l, was der Gregernhof gewesen, wovon der letzte Besitzer Johann Schauer und das Grundausma\u00df dieses Hofes 22 ha 32 a 38 m2 gewesen. Vom Dorf Linden sei erw\u00e4hnt, da\u00df der Donkohof im Jahre 1919 durch einen Brand einge\u00e4schert worden. Derselbe Hof wurde aber von dem damaligen Besitzer wieder aufgebaut. Von Linden f\u00fchrt ein Fahrweg hin\u00fcber in das Dorf Hurschippen.<\/p>\n\n\n\n<div class=\"wp-block-columns is-layout-flex wp-container-core-columns-is-layout-9d6595d7 wp-block-columns-is-layout-flex\">\n<div class=\"wp-block-column is-layout-flow wp-block-column-is-layout-flow\">\n<div class=\"wp-block-image\"><figure class=\"aligncenter is-resized\"><a href=\"https:\/\/www.museum-freistadt.at\/rosenberger\/wp-content\/uploads\/2020\/05\/Ortsch._Ro._Linden-2-3_Stoab\u00fcchlhof-Donkohof_St\u00f6ger-Irsigler_K.-D-Hur.-rotated-e1588426866591.jpg\" target=\"_blank\" rel=\"noopener noreferrer\"><img loading=\"lazy\" decoding=\"async\" src=\"https:\/\/www.museum-freistadt.at\/rosenberger\/wp-content\/uploads\/2020\/05\/Ortsch._Ro._Linden-2-3_Stoab\u00fcchlhof-Donkohof_St\u00f6ger-Irsigler_K.-D-Hur.-rotated-e1588426866591.jpg\" alt=\"\" class=\"wp-image-2400\" width=\"300\" height=\"300\" srcset=\"https:\/\/www.museum-freistadt.at\/rosenberger\/wp-content\/uploads\/2020\/05\/Ortsch._Ro._Linden-2-3_Stoab\u00fcchlhof-Donkohof_St\u00f6ger-Irsigler_K.-D-Hur.-rotated-e1588426866591.jpg 1966w, https:\/\/www.museum-freistadt.at\/rosenberger\/wp-content\/uploads\/2020\/05\/Ortsch._Ro._Linden-2-3_Stoab\u00fcchlhof-Donkohof_St\u00f6ger-Irsigler_K.-D-Hur.-rotated-e1588426866591-300x300.jpg 300w, https:\/\/www.museum-freistadt.at\/rosenberger\/wp-content\/uploads\/2020\/05\/Ortsch._Ro._Linden-2-3_Stoab\u00fcchlhof-Donkohof_St\u00f6ger-Irsigler_K.-D-Hur.-rotated-e1588426866591-1024x1024.jpg 1024w, https:\/\/www.museum-freistadt.at\/rosenberger\/wp-content\/uploads\/2020\/05\/Ortsch._Ro._Linden-2-3_Stoab\u00fcchlhof-Donkohof_St\u00f6ger-Irsigler_K.-D-Hur.-rotated-e1588426866591-150x150.jpg 150w, https:\/\/www.museum-freistadt.at\/rosenberger\/wp-content\/uploads\/2020\/05\/Ortsch._Ro._Linden-2-3_Stoab\u00fcchlhof-Donkohof_St\u00f6ger-Irsigler_K.-D-Hur.-rotated-e1588426866591-768x768.jpg 768w, https:\/\/www.museum-freistadt.at\/rosenberger\/wp-content\/uploads\/2020\/05\/Ortsch._Ro._Linden-2-3_Stoab\u00fcchlhof-Donkohof_St\u00f6ger-Irsigler_K.-D-Hur.-rotated-e1588426866591-1536x1536.jpg 1536w\" sizes=\"auto, (max-width: 300px) 100vw, 300px\" \/><\/a><figcaption>Stoab\u00fcchlhof u. Donkohof_St\u00f6ger u. Irsigler_<\/figcaption><\/figure><\/div>\n<\/div>\n\n\n\n<div class=\"wp-block-column is-layout-flow wp-block-column-is-layout-flow\">\n<div class=\"wp-block-image\"><figure class=\"aligncenter is-resized\"><a href=\"https:\/\/www.museum-freistadt.at\/rosenberger\/wp-content\/uploads\/2016\/04\/Linden-Dorf.jpg\" target=\"_blank\" rel=\"noopener noreferrer\"><img loading=\"lazy\" decoding=\"async\" src=\"https:\/\/www.museum-freistadt.at\/rosenberger\/wp-content\/uploads\/2016\/04\/Linden-Dorf.jpg\" alt=\"\" class=\"wp-image-1105\" width=\"300\" height=\"217\" srcset=\"https:\/\/www.museum-freistadt.at\/rosenberger\/wp-content\/uploads\/2016\/04\/Linden-Dorf.jpg 418w, https:\/\/www.museum-freistadt.at\/rosenberger\/wp-content\/uploads\/2016\/04\/Linden-Dorf-300x217.jpg 300w\" sizes=\"auto, (max-width: 300px) 100vw, 300px\" \/><\/a><figcaption>Das Pfarrdorf Linden von Hurschippen her gesehen. Aufnahme aus dem Jahre 1964.<br>Rechts die Kolchosen-Stallung.<\/figcaption><\/figure><\/div>\n\n\n<\/div>\n<\/div>\n\n\n\n<div class=\"wp-block-columns is-layout-flex wp-container-core-columns-is-layout-9d6595d7 wp-block-columns-is-layout-flex\">\n<div class=\"wp-block-column is-layout-flow wp-block-column-is-layout-flow\">\n<div class=\"wp-block-image\"><figure class=\"aligncenter size-large is-resized\"><a href=\"https:\/\/www.museum-freistadt.at\/rosenberger\/wp-content\/uploads\/2020\/05\/Ortsch._Ro._Linden_Kernansicht_ca.-....-_K.-12.jpg\" target=\"_blank\" rel=\"noopener noreferrer\"><img loading=\"lazy\" decoding=\"async\" src=\"https:\/\/www.museum-freistadt.at\/rosenberger\/wp-content\/uploads\/2020\/05\/Ortsch._Ro._Linden_Kernansicht_ca.-....-_K.-12.jpg\" alt=\"\" class=\"wp-image-2627\" width=\"300\" height=\"231\" srcset=\"https:\/\/www.museum-freistadt.at\/rosenberger\/wp-content\/uploads\/2020\/05\/Ortsch._Ro._Linden_Kernansicht_ca.-....-_K.-12.jpg 995w, https:\/\/www.museum-freistadt.at\/rosenberger\/wp-content\/uploads\/2020\/05\/Ortsch._Ro._Linden_Kernansicht_ca.-....-_K.-12-300x232.jpg 300w, https:\/\/www.museum-freistadt.at\/rosenberger\/wp-content\/uploads\/2020\/05\/Ortsch._Ro._Linden_Kernansicht_ca.-....-_K.-12-768x593.jpg 768w\" sizes=\"auto, (max-width: 300px) 100vw, 300px\" \/><\/a><\/figure><\/div>\n\n\n\n<div class=\"wp-block-image\"><figure class=\"aligncenter size-large is-resized\"><a href=\"https:\/\/www.museum-freistadt.at\/rosenberger\/wp-content\/uploads\/2020\/05\/Ortsch._Ro._Linden-.._Heuarbeit_ca.-....-_K.-D-Hur..jpg\" target=\"_blank\" rel=\"noopener noreferrer\"><img loading=\"lazy\" decoding=\"async\" src=\"https:\/\/www.museum-freistadt.at\/rosenberger\/wp-content\/uploads\/2020\/05\/Ortsch._Ro._Linden-.._Heuarbeit_ca.-....-_K.-D-Hur.-705x1024.jpg\" alt=\"\" class=\"wp-image-2633\" width=\"300\" height=\"436\" srcset=\"https:\/\/www.museum-freistadt.at\/rosenberger\/wp-content\/uploads\/2020\/05\/Ortsch._Ro._Linden-.._Heuarbeit_ca.-....-_K.-D-Hur.-705x1024.jpg 705w, https:\/\/www.museum-freistadt.at\/rosenberger\/wp-content\/uploads\/2020\/05\/Ortsch._Ro._Linden-.._Heuarbeit_ca.-....-_K.-D-Hur.-207x300.jpg 207w, https:\/\/www.museum-freistadt.at\/rosenberger\/wp-content\/uploads\/2020\/05\/Ortsch._Ro._Linden-.._Heuarbeit_ca.-....-_K.-D-Hur.-768x1116.jpg 768w, https:\/\/www.museum-freistadt.at\/rosenberger\/wp-content\/uploads\/2020\/05\/Ortsch._Ro._Linden-.._Heuarbeit_ca.-....-_K.-D-Hur.-1057x1536.jpg 1057w, https:\/\/www.museum-freistadt.at\/rosenberger\/wp-content\/uploads\/2020\/05\/Ortsch._Ro._Linden-.._Heuarbeit_ca.-....-_K.-D-Hur.-1410x2048.jpg 1410w, https:\/\/www.museum-freistadt.at\/rosenberger\/wp-content\/uploads\/2020\/05\/Ortsch._Ro._Linden-.._Heuarbeit_ca.-....-_K.-D-Hur..jpg 1683w\" sizes=\"auto, (max-width: 300px) 100vw, 300px\" \/><\/a><figcaption>Heuernte<\/figcaption><\/figure><\/div>\n<\/div>\n\n\n\n<div class=\"wp-block-column is-layout-flow wp-block-column-is-layout-flow\">\n<div class=\"wp-block-image\"><figure class=\"aligncenter size-large is-resized\"><a href=\"https:\/\/www.museum-freistadt.at\/rosenberger\/wp-content\/uploads\/2020\/05\/Ortsch._Ro._Linden-2_St\u00f6ger-vulgo-Stoab\u00fcchl_ca.-....-_K.-D-Hur..jpg\" target=\"_blank\" rel=\"noopener noreferrer\"><img loading=\"lazy\" decoding=\"async\" src=\"https:\/\/www.museum-freistadt.at\/rosenberger\/wp-content\/uploads\/2020\/05\/Ortsch._Ro._Linden-2_St\u00f6ger-vulgo-Stoab\u00fcchl_ca.-....-_K.-D-Hur.-1010x1024.jpg\" alt=\"\" class=\"wp-image-2628\" width=\"300\" height=\"303\" srcset=\"https:\/\/www.museum-freistadt.at\/rosenberger\/wp-content\/uploads\/2020\/05\/Ortsch._Ro._Linden-2_St\u00f6ger-vulgo-Stoab\u00fcchl_ca.-....-_K.-D-Hur.-1010x1024.jpg 1010w, https:\/\/www.museum-freistadt.at\/rosenberger\/wp-content\/uploads\/2020\/05\/Ortsch._Ro._Linden-2_St\u00f6ger-vulgo-Stoab\u00fcchl_ca.-....-_K.-D-Hur.-296x300.jpg 296w, https:\/\/www.museum-freistadt.at\/rosenberger\/wp-content\/uploads\/2020\/05\/Ortsch._Ro._Linden-2_St\u00f6ger-vulgo-Stoab\u00fcchl_ca.-....-_K.-D-Hur.-768x779.jpg 768w, https:\/\/www.museum-freistadt.at\/rosenberger\/wp-content\/uploads\/2020\/05\/Ortsch._Ro._Linden-2_St\u00f6ger-vulgo-Stoab\u00fcchl_ca.-....-_K.-D-Hur.-1515x1536.jpg 1515w, https:\/\/www.museum-freistadt.at\/rosenberger\/wp-content\/uploads\/2020\/05\/Ortsch._Ro._Linden-2_St\u00f6ger-vulgo-Stoab\u00fcchl_ca.-....-_K.-D-Hur..jpg 1802w\" sizes=\"auto, (max-width: 300px) 100vw, 300px\" \/><\/a><\/figure><\/div>\n\n\n\n<div class=\"wp-block-image\"><figure class=\"aligncenter size-large is-resized\"><a href=\"https:\/\/www.museum-freistadt.at\/rosenberger\/wp-content\/uploads\/2020\/05\/1952-4.jpg\" target=\"_blank\" rel=\"noopener noreferrer\"><img loading=\"lazy\" decoding=\"async\" src=\"https:\/\/www.museum-freistadt.at\/rosenberger\/wp-content\/uploads\/2020\/05\/1952-4.jpg\" alt=\"\" class=\"wp-image-2763\" width=\"300\" height=\"171\" srcset=\"https:\/\/www.museum-freistadt.at\/rosenberger\/wp-content\/uploads\/2020\/05\/1952-4.jpg 745w, https:\/\/www.museum-freistadt.at\/rosenberger\/wp-content\/uploads\/2020\/05\/1952-4-300x171.jpg 300w\" sizes=\"auto, (max-width: 300px) 100vw, 300px\" \/><\/a><\/figure><\/div>\n<\/div>\n<\/div>\n\n\n\n<div class=\"wp-block-columns is-layout-flex wp-container-core-columns-is-layout-9d6595d7 wp-block-columns-is-layout-flex\">\n<div class=\"wp-block-column is-layout-flow wp-block-column-is-layout-flow\"><\/div>\n\n\n\n<div class=\"wp-block-column is-layout-flow wp-block-column-is-layout-flow\"><\/div>\n<\/div>\n\n\n","protected":false},"excerpt":{"rendered":"<p>Dorf Linden von Johann Duscher, Priesern Vor dem Dorf Linden steht bzw. stand das Einschichthaus Oichtbauernhaus, das Linden Nr. 4 war. Der letzte Besitzer dieses Hauses war Josef Steinbichl, dessen Grundausma\u00df 6 ha 64 a 45 m2 betragen hat. Im Dorf Linden selbst liegt rechts vom Dorf weg das Haus mit der Nr. 2. Es [&hellip;]<\/p>\n","protected":false},"author":1,"featured_media":0,"parent":50,"menu_order":0,"comment_status":"closed","ping_status":"closed","template":"","meta":{"ngg_post_thumbnail":0,"footnotes":""},"class_list":["post-82","page","type-page","status-publish","hentry","entry"],"_links":{"self":[{"href":"https:\/\/www.museum-freistadt.at\/rosenberger\/wp-json\/wp\/v2\/pages\/82","targetHints":{"allow":["GET"]}}],"collection":[{"href":"https:\/\/www.museum-freistadt.at\/rosenberger\/wp-json\/wp\/v2\/pages"}],"about":[{"href":"https:\/\/www.museum-freistadt.at\/rosenberger\/wp-json\/wp\/v2\/types\/page"}],"author":[{"embeddable":true,"href":"https:\/\/www.museum-freistadt.at\/rosenberger\/wp-json\/wp\/v2\/users\/1"}],"replies":[{"embeddable":true,"href":"https:\/\/www.museum-freistadt.at\/rosenberger\/wp-json\/wp\/v2\/comments?post=82"}],"version-history":[{"count":13,"href":"https:\/\/www.museum-freistadt.at\/rosenberger\/wp-json\/wp\/v2\/pages\/82\/revisions"}],"predecessor-version":[{"id":2764,"href":"https:\/\/www.museum-freistadt.at\/rosenberger\/wp-json\/wp\/v2\/pages\/82\/revisions\/2764"}],"up":[{"embeddable":true,"href":"https:\/\/www.museum-freistadt.at\/rosenberger\/wp-json\/wp\/v2\/pages\/50"}],"wp:attachment":[{"href":"https:\/\/www.museum-freistadt.at\/rosenberger\/wp-json\/wp\/v2\/media?parent=82"}],"curies":[{"name":"wp","href":"https:\/\/api.w.org\/{rel}","templated":true}]}}