{"id":88,"date":"2016-04-05T20:32:54","date_gmt":"2016-04-05T18:32:54","guid":{"rendered":"http:\/\/www.museum-freistadt.at\/rosenberger\/?page_id=88"},"modified":"2020-05-03T17:18:44","modified_gmt":"2020-05-03T15:18:44","slug":"irsiglern","status":"publish","type":"page","link":"https:\/\/www.museum-freistadt.at\/rosenberger\/pfarrdoerfer\/irsiglern\/","title":{"rendered":"Irsiglern"},"content":{"rendered":"\n<div class=\"wp-block-image\"><figure class=\"alignleft size-large is-resized\"><a href=\"https:\/\/www.museum-freistadt.at\/rosenberger\/wp-content\/uploads\/2016\/04\/Irsiglern-Ortsplan.jpg\" target=\"_blank\" rel=\"noopener noreferrer\"><img loading=\"lazy\" decoding=\"async\" src=\"https:\/\/www.museum-freistadt.at\/rosenberger\/wp-content\/uploads\/2016\/04\/Irsiglern-Ortsplan-e1588518994974.jpg\" alt=\"\" class=\"wp-image-1043\" width=\"350\" height=\"137\" srcset=\"https:\/\/www.museum-freistadt.at\/rosenberger\/wp-content\/uploads\/2016\/04\/Irsiglern-Ortsplan-e1588518994974.jpg 476w, https:\/\/www.museum-freistadt.at\/rosenberger\/wp-content\/uploads\/2016\/04\/Irsiglern-Ortsplan-e1588518994974-300x117.jpg 300w\" sizes=\"auto, (max-width: 350px) 100vw, 350px\" \/><\/a><\/figure><\/div>\n\n\n\n<p><strong>Dorf Irsiglern<\/strong> von Johann Duscher, Priesern<br>Im Dorf innen angelangt, befindet sich links vom Weg die Haus-Nr. (Irsiglern) 2, was der Baunhof war, dessen letzter Besitzer Mathias und Lori Watzl gewesen. Das Grundausma\u00df dieses Hofes betrug 37 ha 59 a und 76 m2 . Am gleichen Weg lag rechts der Stefflhof, der die Haus-Nr. (Irsiglern) 1 getragen. Die letzten Besitzer dieses Hofes war Josef M\u00fchlb\u00e4ck mit Ehegattin. Die Grundfl\u00e4che dieses Besitzes waren 34 ha 72 a und 53 m2 gewesen.&nbsp;<\/p>\n\n\n\n<div class=\"wp-block-columns is-layout-flex wp-container-core-columns-is-layout-9d6595d7 wp-block-columns-is-layout-flex\">\n<div class=\"wp-block-column is-layout-flow wp-block-column-is-layout-flow\">\n<div class=\"wp-block-image\"><figure class=\"aligncenter size-large is-resized\"><a href=\"https:\/\/www.museum-freistadt.at\/rosenberger\/wp-content\/uploads\/2020\/05\/IMG_9380-Irsiglern.jpg\" target=\"_blank\" rel=\"noopener noreferrer\"><img loading=\"lazy\" decoding=\"async\" src=\"https:\/\/www.museum-freistadt.at\/rosenberger\/wp-content\/uploads\/2020\/05\/IMG_9380-Irsiglern-1024x983.jpg\" alt=\"\" class=\"wp-image-2382\" width=\"300\" height=\"289\" srcset=\"https:\/\/www.museum-freistadt.at\/rosenberger\/wp-content\/uploads\/2020\/05\/IMG_9380-Irsiglern-1024x983.jpg 1024w, https:\/\/www.museum-freistadt.at\/rosenberger\/wp-content\/uploads\/2020\/05\/IMG_9380-Irsiglern-300x288.jpg 300w, https:\/\/www.museum-freistadt.at\/rosenberger\/wp-content\/uploads\/2020\/05\/IMG_9380-Irsiglern-768x737.jpg 768w, https:\/\/www.museum-freistadt.at\/rosenberger\/wp-content\/uploads\/2020\/05\/IMG_9380-Irsiglern-1536x1474.jpg 1536w, https:\/\/www.museum-freistadt.at\/rosenberger\/wp-content\/uploads\/2020\/05\/IMG_9380-Irsiglern-2048x1965.jpg 2048w\" sizes=\"auto, (max-width: 300px) 100vw, 300px\" \/><\/a><\/figure><\/div>\n\n\n\n<div class=\"wp-block-image\"><figure class=\"aligncenter size-full is-resized\"><a href=\"https:\/\/www.museum-freistadt.at\/rosenberger\/wp-content\/uploads\/2020\/05\/1952-2.jpg\" target=\"_blank\" rel=\"noopener noreferrer\"><img loading=\"lazy\" decoding=\"async\" src=\"https:\/\/www.museum-freistadt.at\/rosenberger\/wp-content\/uploads\/2020\/05\/1952-2.jpg\" alt=\"\" class=\"wp-image-2383\" width=\"300\" height=\"176\" srcset=\"https:\/\/www.museum-freistadt.at\/rosenberger\/wp-content\/uploads\/2020\/05\/1952-2.jpg 732w, https:\/\/www.museum-freistadt.at\/rosenberger\/wp-content\/uploads\/2020\/05\/1952-2-300x177.jpg 300w\" sizes=\"auto, (max-width: 300px) 100vw, 300px\" \/><\/a><\/figure><\/div>\n<\/div>\n\n\n\n<div class=\"wp-block-column is-layout-flow wp-block-column-is-layout-flow\">\n<div class=\"wp-block-image is-style-default\"><figure class=\"aligncenter size-large is-resized\"><a href=\"https:\/\/www.museum-freistadt.at\/rosenberger\/wp-content\/uploads\/2020\/05\/Ortsch._Ro._Irsiglern_li.-Baun-Hof-re.-Steffl-Hof_a.-....-_K.-B-scaled-e1588424776910.jpg\" target=\"_blank\" rel=\"noopener noreferrer\"><img loading=\"lazy\" decoding=\"async\" src=\"https:\/\/www.museum-freistadt.at\/rosenberger\/wp-content\/uploads\/2020\/05\/Ortsch._Ro._Irsiglern_li.-Baun-Hof-re.-Steffl-Hof_a.-....-_K.-B-scaled-e1588424776910-1024x926.jpg\" alt=\"\" class=\"wp-image-2380\" width=\"300\" height=\"271\" srcset=\"https:\/\/www.museum-freistadt.at\/rosenberger\/wp-content\/uploads\/2020\/05\/Ortsch._Ro._Irsiglern_li.-Baun-Hof-re.-Steffl-Hof_a.-....-_K.-B-scaled-e1588424776910-1024x926.jpg 1024w, https:\/\/www.museum-freistadt.at\/rosenberger\/wp-content\/uploads\/2020\/05\/Ortsch._Ro._Irsiglern_li.-Baun-Hof-re.-Steffl-Hof_a.-....-_K.-B-scaled-e1588424776910-300x271.jpg 300w, https:\/\/www.museum-freistadt.at\/rosenberger\/wp-content\/uploads\/2020\/05\/Ortsch._Ro._Irsiglern_li.-Baun-Hof-re.-Steffl-Hof_a.-....-_K.-B-scaled-e1588424776910-768x695.jpg 768w, https:\/\/www.museum-freistadt.at\/rosenberger\/wp-content\/uploads\/2020\/05\/Ortsch._Ro._Irsiglern_li.-Baun-Hof-re.-Steffl-Hof_a.-....-_K.-B-scaled-e1588424776910-1536x1390.jpg 1536w, https:\/\/www.museum-freistadt.at\/rosenberger\/wp-content\/uploads\/2020\/05\/Ortsch._Ro._Irsiglern_li.-Baun-Hof-re.-Steffl-Hof_a.-....-_K.-B-scaled-e1588424776910-2048x1853.jpg 2048w\" sizes=\"auto, (max-width: 300px) 100vw, 300px\" \/><\/a><\/figure><\/div>\n<\/div>\n<\/div>\n","protected":false},"excerpt":{"rendered":"<p>Dorf Irsiglern von Johann Duscher, PriesernIm Dorf innen angelangt, befindet sich links vom Weg die Haus-Nr. (Irsiglern) 2, was der Baunhof war, dessen letzter Besitzer Mathias und Lori Watzl gewesen. Das Grundausma\u00df dieses Hofes betrug 37 ha 59 a und 76 m2 . Am gleichen Weg lag rechts der Stefflhof, der die Haus-Nr. (Irsiglern) 1 [&hellip;]<\/p>\n","protected":false},"author":1,"featured_media":0,"parent":50,"menu_order":0,"comment_status":"closed","ping_status":"closed","template":"","meta":{"ngg_post_thumbnail":0,"footnotes":""},"class_list":["post-88","page","type-page","status-publish","hentry","entry"],"_links":{"self":[{"href":"https:\/\/www.museum-freistadt.at\/rosenberger\/wp-json\/wp\/v2\/pages\/88","targetHints":{"allow":["GET"]}}],"collection":[{"href":"https:\/\/www.museum-freistadt.at\/rosenberger\/wp-json\/wp\/v2\/pages"}],"about":[{"href":"https:\/\/www.museum-freistadt.at\/rosenberger\/wp-json\/wp\/v2\/types\/page"}],"author":[{"embeddable":true,"href":"https:\/\/www.museum-freistadt.at\/rosenberger\/wp-json\/wp\/v2\/users\/1"}],"replies":[{"embeddable":true,"href":"https:\/\/www.museum-freistadt.at\/rosenberger\/wp-json\/wp\/v2\/comments?post=88"}],"version-history":[{"count":11,"href":"https:\/\/www.museum-freistadt.at\/rosenberger\/wp-json\/wp\/v2\/pages\/88\/revisions"}],"predecessor-version":[{"id":2571,"href":"https:\/\/www.museum-freistadt.at\/rosenberger\/wp-json\/wp\/v2\/pages\/88\/revisions\/2571"}],"up":[{"embeddable":true,"href":"https:\/\/www.museum-freistadt.at\/rosenberger\/wp-json\/wp\/v2\/pages\/50"}],"wp:attachment":[{"href":"https:\/\/www.museum-freistadt.at\/rosenberger\/wp-json\/wp\/v2\/media?parent=88"}],"curies":[{"name":"wp","href":"https:\/\/api.w.org\/{rel}","templated":true}]}}