{"id":96,"date":"2016-04-05T20:34:08","date_gmt":"2016-04-05T18:34:08","guid":{"rendered":"http:\/\/www.museum-freistadt.at\/rosenberger\/?page_id=96"},"modified":"2020-05-12T14:55:57","modified_gmt":"2020-05-12T12:55:57","slug":"sabratne","status":"publish","type":"page","link":"https:\/\/www.museum-freistadt.at\/rosenberger\/pfarrdoerfer\/sabratne\/","title":{"rendered":"Sabratne"},"content":{"rendered":"\n<div class=\"wp-block-image\"><figure class=\"alignleft is-resized\"><a href=\"https:\/\/www.museum-freistadt.at\/rosenberger\/wp-content\/uploads\/2016\/04\/Sabratne-Ortsplan.jpg\" target=\"_blank\" rel=\"noopener noreferrer\"><img loading=\"lazy\" decoding=\"async\" src=\"https:\/\/www.museum-freistadt.at\/rosenberger\/wp-content\/uploads\/2016\/04\/Sabratne-Ortsplan.jpg\" alt=\"\" class=\"wp-image-1060\" width=\"350\" height=\"183\" srcset=\"https:\/\/www.museum-freistadt.at\/rosenberger\/wp-content\/uploads\/2016\/04\/Sabratne-Ortsplan.jpg 519w, https:\/\/www.museum-freistadt.at\/rosenberger\/wp-content\/uploads\/2016\/04\/Sabratne-Ortsplan-300x157.jpg 300w\" sizes=\"auto, (max-width: 350px) 100vw, 350px\" \/><\/a><\/figure><\/div>\n\n\n\n<p><strong>Dorf Sabratne<\/strong> von Johann Duscher, Priesern <\/p>\n\n\n\n<p>Wenn man das Dorf Sabratne erreicht hatte, lag zuerst rechts am Weg das Haus Sabratne Nr. 7. Es war dies der Macherhof. Die letzten Besitzer dieses Hofes waren zuerst Johann Wagner und vor der Aussiedlung Wenzl Matscheko. Zum Besitz dieses Hofes hatten 23 ha 87 a 64 m2 geh\u00f6rt. Abermals rechts am Dorfweg lagen der Hof und das Ausgedingerhaus mit den Haus-Nr. 1 und 2. Die Nr. 1 war der Hofbaunhof gewesen, dessen letzter Besitzer Johann Wagner war. Das Grundausma\u00df dieses Hofes betrug 96 ha 40 a, davon waren 70 ha 10 a Wald. Links vom Dorfweg befand sich das Haus mit der Nr. 3. Es war dies der M\u00f6cherlhof, dessen Besitzer Josef D\u00f6lpl gewesen. Das Grundausma\u00df dieses Besitzes hat 21 ha 10 a 11 m2 betragen. Neben dem M\u00f6cherlhof, ebenfalls links am Weg stand das Haus mit der Nr. 6, was das Drescherhaus gewesen, dessen letzter Besitzer Marie Modi war. Das Grundausma\u00df dieses Besitzes betrug 2 ha 44 a 86 m2 . Die beiden D\u00f6rfer Wilentschen und Sabratne hatten wegen ihrer schlechten Lage Grundsteuerklasse II und Hektarsatz 63%.<\/p>\n\n\n\n<div class=\"wp-block-columns is-layout-flex wp-container-core-columns-is-layout-9d6595d7 wp-block-columns-is-layout-flex\">\n<div class=\"wp-block-column is-layout-flow wp-block-column-is-layout-flow\">\n<div class=\"wp-block-image\"><figure class=\"aligncenter is-resized\"><a href=\"https:\/\/www.museum-freistadt.at\/rosenberger\/wp-content\/uploads\/2016\/04\/Sabratne-1952.jpg\" target=\"_blank\" rel=\"noopener noreferrer\"><img loading=\"lazy\" decoding=\"async\" src=\"https:\/\/www.museum-freistadt.at\/rosenberger\/wp-content\/uploads\/2016\/04\/Sabratne-1952.jpg\" alt=\"\" class=\"wp-image-1110\" width=\"300\" height=\"203\"\/><\/a><figcaption>Sabratne 1952<\/figcaption><\/figure><\/div>\n<\/div>\n\n\n\n<div class=\"wp-block-column is-layout-flow wp-block-column-is-layout-flow\"><\/div>\n<\/div>\n","protected":false},"excerpt":{"rendered":"<p>Dorf Sabratne von Johann Duscher, Priesern Wenn man das Dorf Sabratne erreicht hatte, lag zuerst rechts am Weg das Haus Sabratne Nr. 7. Es war dies der Macherhof. Die letzten Besitzer dieses Hofes waren zuerst Johann Wagner und vor der Aussiedlung Wenzl Matscheko. Zum Besitz dieses Hofes hatten 23 ha 87 a 64 m2 geh\u00f6rt. [&hellip;]<\/p>\n","protected":false},"author":1,"featured_media":0,"parent":50,"menu_order":0,"comment_status":"closed","ping_status":"closed","template":"","meta":{"ngg_post_thumbnail":0,"footnotes":""},"class_list":["post-96","page","type-page","status-publish","hentry","entry"],"_links":{"self":[{"href":"https:\/\/www.museum-freistadt.at\/rosenberger\/wp-json\/wp\/v2\/pages\/96","targetHints":{"allow":["GET"]}}],"collection":[{"href":"https:\/\/www.museum-freistadt.at\/rosenberger\/wp-json\/wp\/v2\/pages"}],"about":[{"href":"https:\/\/www.museum-freistadt.at\/rosenberger\/wp-json\/wp\/v2\/types\/page"}],"author":[{"embeddable":true,"href":"https:\/\/www.museum-freistadt.at\/rosenberger\/wp-json\/wp\/v2\/users\/1"}],"replies":[{"embeddable":true,"href":"https:\/\/www.museum-freistadt.at\/rosenberger\/wp-json\/wp\/v2\/comments?post=96"}],"version-history":[{"count":4,"href":"https:\/\/www.museum-freistadt.at\/rosenberger\/wp-json\/wp\/v2\/pages\/96\/revisions"}],"predecessor-version":[{"id":2588,"href":"https:\/\/www.museum-freistadt.at\/rosenberger\/wp-json\/wp\/v2\/pages\/96\/revisions\/2588"}],"up":[{"embeddable":true,"href":"https:\/\/www.museum-freistadt.at\/rosenberger\/wp-json\/wp\/v2\/pages\/50"}],"wp:attachment":[{"href":"https:\/\/www.museum-freistadt.at\/rosenberger\/wp-json\/wp\/v2\/media?parent=96"}],"curies":[{"name":"wp","href":"https:\/\/api.w.org\/{rel}","templated":true}]}}